{"id":8,"date":"2014-09-05T11:02:40","date_gmt":"2014-09-05T09:02:40","guid":{"rendered":"https:\/\/www.fadim.com\/it\/?page_id=6"},"modified":"2021-09-24T19:48:51","modified_gmt":"2021-09-24T17:48:51","slug":"scheda-tecnica","status":"publish","type":"page","link":"https:\/\/www.fadim.com\/it\/scheda-tecnica\/","title":{"rendered":"Gengiviti: lesioni, infiammazioni e sanguinamenti gengivali"},"content":{"rendered":"\n<div class=\"wp-block-image\"><figure class=\"aligncenter size-large\"><a href=\"https:\/\/www.fadim.com\/it\/wp-content\/uploads\/2021\/09\/logopromogenial.svg\"><img loading=\"lazy\" decoding=\"async\" width=\"886\" height=\"169\" src=\"https:\/\/www.fadim.com\/it\/wp-content\/uploads\/2021\/09\/logopromogenial.svg\" alt=\"genial-htm\" class=\"wp-image-436\"\/><\/a><\/figure><\/div>\n\n\n<style>.kb-table-of-content-nav.kb-table-of-content-id_b6f434-b0 .kb-table-of-content-wrap{padding-top:var(--global-kb-spacing-sm, 1.5rem);padding-right:var(--global-kb-spacing-sm, 1.5rem);padding-bottom:var(--global-kb-spacing-sm, 1.5rem);padding-left:var(--global-kb-spacing-sm, 1.5rem);}.kb-table-of-content-nav.kb-table-of-content-id_b6f434-b0 .kb-table-of-contents-title-wrap{padding-top:0px;padding-right:0px;padding-bottom:0px;padding-left:0px;}.kb-table-of-content-nav.kb-table-of-content-id_b6f434-b0 .kb-table-of-contents-title{font-weight:regular;font-style:normal;}.kb-table-of-content-nav.kb-table-of-content-id_b6f434-b0 .kb-table-of-content-wrap .kb-table-of-content-list{font-weight:regular;font-style:normal;margin-top:var(--global-kb-spacing-sm, 1.5rem);margin-right:0px;margin-bottom:0px;margin-left:0px;}<\/style>\n\n\n<p class=\"articolo\"><strong>Genial-htm<\/strong> \u00e8 un dispositivo medico contenente acido ialuronico ad alto peso molecolare, Tea Tree Oil e MSM (Metilsulfonilmetano) formulati in un gel fresco e delicato, privo di coloranti, studiato e clinicamente testato per un&#8217;ideale compatibilit\u00e0 con le gengive e la mucosa orale.<br>L&#8217;acido ialuronico \u00e8 il glucosaminoglicano fisiologicamente pi\u00f9 abbondante nella matrice extracellulare del tessuto connettivo in generale e particolarmente nelle gengive e nel periodonto dove svolge un ruolo multifattoriale nei processi di riparazione tissutale e cicatrizzazione successivi ad affezioni infiammatorie di varia origine. La sua efficacia si estrinseca attraverso diversi meccanismi: interagisce con il collagene per stabilizzare la matrice extracellulare, modula i liquidi extracellulari controllando la formazione dell&#8217;edema, regola i fenomeni di migrazione cellulare determinanti nella risoluzione dei processi infiammatori e nella cicatrizzazione.<br>Il Tea Tree Oil \u00e8 l&#8217;olio essenziale titolato di <em>Melaleuca alternifolia<\/em>, contribuisce a mantenere sotto controllo il microambiente dell\u2019area lesa favorendo gli effetti dell\u2019acido ialuronico.<br>Il MSM \u00e8 una sostanza naturale presente sia nei vegetali sia fisiologicamente nell&#8217;organismo umano, in grado di intervenire nella formazione di proteine come il collagene che contribuisce, insieme all&#8217;acido ialuronico, a normalizzare il processo di cicatrizzazione. In tal modo nuove proteine strutturali sono legate alle fibre non lese gi\u00e0 presenti per la ricostruzione dei tessuti in prossimit\u00e0 di una ferita o di un&#8217;incisione chirurgica. Questo favorisce una ridotta formazione di cicatrici e conseguentemente anche il dolore che ne pu\u00f2 derivare.<br>In condizioni di sofferenza del tessuto gengivale o della mucosa orale (come nel caso di gengiviti sia acute sia croniche o di periodontiti), la componente endogena di acido ialuronico risulta diminuita e particolarmente carente. Un ruolo importante nel determinare questa riduzione \u00e8 rappresentato dai batteri presenti nella bocca che, nelle varie forme di parodontopatia aggrediscono i tessuti gengivali avviando cos\u00ec un processo di disgregazione della struttura interna.<br><strong>Pertanto, come dimostrano gli studi clinici, l&#8217;apporto a livello gengivale di acido ialuronico esogeno ad alto peso molecolare \u00e8 essenziale per favorire la riparazione tissutale durante il processo di cicatrizzazione od in corso di eventi infiammatori o traumatici. La sua azione \u00e8 rafforzata dalla presenza di Tea Tree Oil e di MSM. La triplice azione dei componenti presenti in genial-htm contribuisce in modo completo a proteggere e mantenere sotto controllo il microambiente della mucosa lesa od infiammata favorendo un pi\u00f9 rapido processo di cicatrizzazione e di risoluzione dell&#8217;evento infiammatorio o traumatico.<\/strong><br><strong>Genial-htm<\/strong> \u00e8 stato appositamente formulato utilizzando una matrice idrocellulosica e copolimerica per favorire un&#8217;elevata bioadesione alla mucosa orale e gengivale anche in condizioni di normale secrezione salivare, costituendo quindi un&#8217;ottima barriera protettiva dell&#8217;area lesa od infiammata. Questo effetto, esclusivamente locale, \u00e8 particolarmente utile ad esempio in caso di ulcere aftose dove una barriera protettiva pu\u00f2 dare sollievo al dolore spontaneo indotto dal contatto della saliva o di agenti irritanti.<br><strong>Genial-htm<\/strong> \u00e8 ben tollerato a livello della mucosa gengivale e non sono noti effetti indesiderati. I componenti presentano un ampio margine di sicurezza, perci\u00f2 anche l&#8217;involontaria ingestione del prodotto non induce effetti indesiderati di tipo sistemico. Per la sua tollerabilit\u00e0 <strong>genial-htm<\/strong> pu\u00f2 quindi essere usato senza particolari limitazioni. <strong>Genial-htm<\/strong> non esplica effetti farmacologici locali o sistemici ed in virt\u00f9 della sua elevata maneggevolezza e tollerabilit\u00e0 pu\u00f2 essere vantaggiosamente associato al trattamento con farmaci specifici, come ad esempio durante una terapia antibiotica od antiinfiammatoria. L&#8217;impiego come dolcificanti di xilitolo ed acesulfame, permette l&#8217;uso del prodotto anche in soggetti diabetici. Lo xilitolo esercita, inoltre, un&#8217;azione di controllo sullo sviluppo di carie.<\/p>\n\n\n\n<h6 class=\"wp-block-heading\"><strong>Ingredienti<\/strong><\/h6>\n\n\n\n<p class=\"articolo\">Aqua, Sorbitol, Hydroxyethylcellulose, Xylitol, Glycerin, Methylsulfonylmethane (MSM), Benzyl alcohol, Sodium Hyaluronate, PVM\/MA Copolymer, Aroma (Flavour) Spearmint, Tea Tree Oil (Melaleuca alternifolia oil), Potassium Acesulfame, Phenoxyethanol, Methylparaben, Ethylparaben, Propylparaben, Buthylparaben, Disodium EDTA.<\/p>\n\n\n\n<h6 class=\"wp-block-heading\"><strong>Indicazioni<\/strong><\/h6>\n\n\n\n<p class=\"articolo\">Nelle gengiviti sia acute sia croniche, gengive sanguinanti, borse gengivali, periodontiti, retrazioni gengivali, afte, mucositi. Favorisce la cicatrizzazione di lesioni o traumi come quelli causati da interventi odontoiatrici anche d&#8217;origine chirurgica, estrazioni dentarie, pulizia dentale con ultrasuoni.<br>Prima e dopo l&#8217;uso di apparecchi protesici ed ortodontici.<\/p>\n\n\n\n<h6 class=\"wp-block-heading\"><strong>Modalit\u00e0 d\u2019uso<\/strong><\/h6>\n\n\n\n<p class=\"articolo\">Applicare un sottile strato di <strong>genial-htm<\/strong> gel sulle gengive o sulla mucosa orale, eventualmente massaggiando con un tampone o con un dito in modo da consentire un&#8217;adeguata distribuzione sulla superficie interessata.<\/p>\n\n\n\n<h6 class=\"wp-block-heading\"><strong>Posologia<\/strong><\/h6>\n\n\n\n<p class=\"articolo\">Da due a cinque volte al giorno secondo necessit\u00e0. Continuare le applicazioni per 2-3 settimane fino alla scomparsa della sintomatologia. Nelle indicazioni croniche l&#8217;applicazione pu\u00f2 essere protratta a lungo tempo, essendo in tal caso opportuno un periodico controllo medico.<br>Si consiglia di condurre una corretta igiene dentale prima dell&#8217;applicazione.<\/p>\n\n\n\n<h6 class=\"wp-block-heading\"><strong>Avvertenze<\/strong><\/h6>\n\n\n\n<p class=\"articolo\">Dopo l&#8217;applicazione si consiglia di astenersi dal mangiare o bere per almeno 20-30 minuti onde evitare una precoce rimozione di <strong>genial-htm<\/strong>.&nbsp;Conservare a temperatura ambiente.<\/p>\n\n\n\n<h6 class=\"wp-block-heading\"><strong>Controindicazioni<\/strong><\/h6>\n\n\n\n<p class=\"articolo\">Ipersensibilit\u00e0 individuale accertata verso i componenti presenti. Qualora i sintomi persistano consultare il medico. Poich\u00e9 non sono disponibili dati completi, il prodotto non \u00e8 raccomandato durante la gravidanza, l&#8217;allattamento e nei bambini con et\u00e0 inferiore ai 12 anni se non nei casi di effettiva necessit\u00e0 e sotto diretto controllo del medico curante.<\/p>\n\n\n\n<h6 class=\"wp-block-heading\"><strong>Confezioni per la vendita<\/strong><\/h6>\n\n\n\n<p><strong>Genial-htm<\/strong>&#x2122; Gel: tubo da 15 g.<\/p>\n\n\n\n<p>Scarica il file in <a title=\"Scheda Tecnica\" href=\"https:\/\/www.fadim.com\/it\/wp-content\/uploads\/2014\/09\/Scheda-Tecnica.pdf\" target=\"_blank\" rel=\"noopener\">PDF<\/a>.<\/p>\n","protected":false},"excerpt":{"rendered":"<p>Genial-htm \u00e8 un dispositivo medico contenente acido ialuronico ad alto peso molecolare, Tea Tree Oil e MSM (Metilsulfonilmetano) formulati in un gel fresco e delicato, privo di coloranti, studiato e clinicamente testato per un&#8217;ideale compatibilit\u00e0 con le gengive e la mucosa orale.L&#8217;acido ialuronico \u00e8 il glucosaminoglicano fisiologicamente pi\u00f9 abbondante nella matrice extracellulare del tessuto connettivo&#8230;<\/p>\n","protected":false},"author":1,"featured_media":0,"parent":0,"menu_order":0,"comment_status":"closed","ping_status":"closed","template":"","meta":{"inline_featured_image":false,"_kad_post_transparent":"","_kad_post_title":"","_kad_post_layout":"","_kad_post_sidebar_id":"","_kad_post_content_style":"","_kad_post_vertical_padding":"","_kad_post_feature":"","_kad_post_feature_position":"","_kad_post_header":false,"_kad_post_footer":false,"_kad_post_classname":"","footnotes":""},"class_list":["post-8","page","type-page","status-publish","hentry"],"_links":{"self":[{"href":"https:\/\/www.fadim.com\/it\/wp-json\/wp\/v2\/pages\/8","targetHints":{"allow":["GET"]}}],"collection":[{"href":"https:\/\/www.fadim.com\/it\/wp-json\/wp\/v2\/pages"}],"about":[{"href":"https:\/\/www.fadim.com\/it\/wp-json\/wp\/v2\/types\/page"}],"author":[{"embeddable":true,"href":"https:\/\/www.fadim.com\/it\/wp-json\/wp\/v2\/users\/1"}],"replies":[{"embeddable":true,"href":"https:\/\/www.fadim.com\/it\/wp-json\/wp\/v2\/comments?post=8"}],"version-history":[{"count":0,"href":"https:\/\/www.fadim.com\/it\/wp-json\/wp\/v2\/pages\/8\/revisions"}],"wp:attachment":[{"href":"https:\/\/www.fadim.com\/it\/wp-json\/wp\/v2\/media?parent=8"}],"curies":[{"name":"wp","href":"https:\/\/api.w.org\/{rel}","templated":true}]}}