{"id":42,"date":"2014-09-05T14:52:15","date_gmt":"2014-09-05T12:52:15","guid":{"rendered":"https:\/\/www.fadim.com\/it\/?page_id=42"},"modified":"2021-09-24T19:49:05","modified_gmt":"2021-09-24T17:49:05","slug":"pagina-promozionale","status":"publish","type":"page","link":"https:\/\/www.fadim.com\/it\/pagina-promozionale\/","title":{"rendered":"genial-htm: pagina promozionale"},"content":{"rendered":"\n<p>Scarica il file in <a title=\"Pagina promozionale\" href=\"https:\/\/www.fadim.com\/it\/wp-content\/uploads\/2014\/09\/PP_A4_IT_2013.pdf\" target=\"_blank\" rel=\"noopener\">PDF<\/a>.<\/p>\n\n\n\n<div class=\"wp-block-image no-display-mobile\"><figure class=\"alignleft\"><a href=\"https:\/\/www.fadim.com\/it\/wp-content\/uploads\/2014\/09\/colon-pp-genial.png\"><img decoding=\"async\" src=\"https:\/\/www.fadim.com\/it\/wp-content\/uploads\/2014\/09\/colon-pp-genial-260x1024.png\" alt=\"colon pp genial\" class=\"wp-image-43\"\/><\/a><\/figure><\/div>\n\n\n\n<p class=\"articolo\"><strong>Genial-htm<\/strong> \u00e8 un gel gengivale coperto da brevetto europeo; i suoi principi attivi agiscono in maniera mirata e sinergica nel trattamento delle diverse lesioni della mucosa orale e delle gengive.<\/p>\n\n\n\n<p class=\"articolo\">\u2022 <strong>Genial-htm<\/strong> contiene <strong>acido ialuronico<\/strong>:&nbsp;i molteplici ruoli dell&#8217;acido ialuronico nel processo di riparazione tissutale e di cicatrizzazione in presenza di patologie acute e croniche del parodonto sono ben conosciuti.<br>La sua efficacia si basa su differenti meccanismi:<br>\u2022 <strong>interagisce con il collagene per stabilizzare la matrice extracellulare;<\/strong><br>\u2022 <strong>regola l\u2019idratazione tissutale, riduce la formazione di edema e, conseguentemente, il dolore;<\/strong><br>\u2022 <strong>regola i fenomeni di migrazione cellulare, che sono determinanti nella risoluzione del processo infiammatorio e nella cicatrizzazione.<\/strong><br>Come noto in condizioni di sofferenza del tessuto gengivale, la componente endogena di acido ialuronico risulta particolarmente carente; responsabili di questa deplezione sono i batteri che nelle varie forme di parodontopatia aggrediscono i tessuti gengivali avviando cos\u00ec un processo di disgregazione della struttura interna (ialuronidasi batteriche).<\/p>\n\n\n\n<p>\u2022 <strong>Genial-htm<\/strong> contiene <strong>Tea Tree Oil<\/strong> (olio essenziale di <em>Melaleuca alternifolia<\/em>):&nbsp;<strong>l&#8217;efficacia dell&#8217;acido ialuronico esogeno, essenziale alla riparazione tissutale, \u00e8 sostenuta in maniera sinergica<\/strong> dalla presenza nel formulato di <strong>Tea tree Oil di cui \u00e8 dimostrata l&#8217;attivit\u00e0 antibatterica<\/strong> nei confronti dei principali microorganismi periodontopatici come <em>Porphyromonas gingivalis<\/em> (causa principale della periodontite e della gengivite), <em>Actinobacillus actinomycetemcomitans<\/em> (responsabile della formazione della placca). Ci\u00f2 consente di proteggere l&#8217;acido ialuronico dall&#8217;aggressione di questi patogeni.<\/p>\n\n\n\n<p>\u2022 <strong>Genial-htm<\/strong> contiene <strong>MSM<\/strong> (Metilsulfonilmetano):&nbsp;sostanza di origine naturale che in sinergia con l&#8217;acido ialuronico riduce l&#8217;ipersensibilit\u00e0 ed il dolore gengivale in corso di periodontopatie. MSM, infatti, intervenendo nella formazione di proteine come il collagene, contribuisce a normalizzare il processo di cicatrizzazione favorendo la ricostruzione fisiologica dei tessuti in prossimit\u00e0 di una lesione o di un&#8217;incisione chirurgica. Uno studio recente ha evidenziato la sua spiccata <strong>capacit\u00e0 di inibire le ialuronidasi batteriche.<\/strong><\/p>\n\n\n\n<h5 class=\"wp-block-heading\"><strong>Altre caratteristiche salienti di Genial-htm:<\/strong><\/h5>\n\n\n\n<p>\u2022 <strong>Genial-htm<\/strong> \u00e8 completato dalla presenza di <strong>acesulfame e xilitolo che \u00e8 in grado di inibire gli effetti cariogenici dello <em>Streptococcus mutans<\/em>. Tali dolcificanti non influenzano la glicemia<\/strong>, per cui <strong>Genial\u2013htm<\/strong> pu\u00f2 essere impiegato anche in soggetti diabetici.<\/p>\n\n\n\n<p>\u2022 <strong>Genial-htm<\/strong> \u00e8 privo d&#8217;alcool ed \u00e9 preparato su matrice idrocellulosica e copolimerica per favorire <strong>un&#8217;elevata bioadesione alle gengive e costituire una reale barriera protettiva delle aree lese<\/strong> (particolarmente utile, ad esempio,<strong> in caso di ulcere aftose<\/strong>, dove una barriera protettrice pu\u00f2 ridurre il dolore indotto dal contatto con la saliva o con agenti irritanti).<\/p>\n\n\n\n<p class=\"articolo\"><strong>La triplice azione dei componenti presenti in Genial-htm contribuisce in modo completo a proteggere e mantenere sotto controllo il microambiente della mucosa lesa od infiammata favorendo un pi\u00f9 rapido processo di cicatrizzazione e di risoluzione dell&#8217;evento infiammatorio o traumatico.<\/strong><\/p>\n\n\n\n<p class=\"articolo\"><strong>Genial-htm<\/strong> non esplica effetti farmacologici locali o sistemici ed in virt\u00f9 della sua elevata maneggevolezza e tollerabilit\u00e0 pu\u00f2 essere vantaggiosamente associato al trattamento con farmaci specifici, come ad esempio durante una terapia antibiotica od antiinfiammatoria.<br><strong>Genial-htm<\/strong> \u00e8 ben tollerato a livello della mucosa gengivale e <strong>non sono noti effetti indesiderati.<\/strong><br>I componenti presentano un ampio margine di sicurezza, perci\u00f2 anche l&#8217;involontaria ingestione del prodotto non induce effetti indesiderati di tipo sistemico.<\/p>\n\n\n\n<h5 class=\"wp-block-heading\"><strong>Indicazioni<\/strong><\/h5>\n\n\n\n<p class=\"articolo\">Nelle gengiviti sia acute sia croniche, gengive sanguinanti, borse gengivali, periodontiti, retrazioni gengivali, afte, mucositi. Favorisce la cicatrizzazione di lesioni o traumi come quelli causati da interventi odontoiatrici anche d&#8217;origine chirurgica, estrazioni dentarie, pulizia dentale con ultrasuoni. Prima e dopo l&#8217;uso di apparecchi protesici ed ortodontici.<\/p>\n\n\n\n<h5 class=\"wp-block-heading\"><strong>Modalit\u00e0 d&#8217;uso<\/strong><\/h5>\n\n\n\n<p class=\"articolo\">Applicare un sottile strato di Genial-htm gel sulle gengive o sulla mucosa orale, eventualmente massaggiando con un tampone o con un dito in modo da consentire un&#8217;adeguata distribuzione<br>sulla superficie interessata.<\/p>\n","protected":false},"excerpt":{"rendered":"<p>Scarica il file in PDF. Genial-htm \u00e8 un gel gengivale coperto da brevetto europeo; i suoi principi attivi agiscono in maniera mirata e sinergica nel trattamento delle diverse lesioni della mucosa orale e delle gengive. \u2022 Genial-htm contiene acido ialuronico:&nbsp;i molteplici ruoli dell&#8217;acido ialuronico nel processo di riparazione tissutale e di cicatrizzazione in presenza di&#8230;<\/p>\n","protected":false},"author":1,"featured_media":0,"parent":0,"menu_order":0,"comment_status":"closed","ping_status":"closed","template":"","meta":{"inline_featured_image":false,"_kad_post_transparent":"","_kad_post_title":"","_kad_post_layout":"","_kad_post_sidebar_id":"","_kad_post_content_style":"","_kad_post_vertical_padding":"","_kad_post_feature":"","_kad_post_feature_position":"","_kad_post_header":false,"_kad_post_footer":false,"_kad_post_classname":"","footnotes":""},"class_list":["post-42","page","type-page","status-publish","hentry"],"_links":{"self":[{"href":"https:\/\/www.fadim.com\/it\/wp-json\/wp\/v2\/pages\/42","targetHints":{"allow":["GET"]}}],"collection":[{"href":"https:\/\/www.fadim.com\/it\/wp-json\/wp\/v2\/pages"}],"about":[{"href":"https:\/\/www.fadim.com\/it\/wp-json\/wp\/v2\/types\/page"}],"author":[{"embeddable":true,"href":"https:\/\/www.fadim.com\/it\/wp-json\/wp\/v2\/users\/1"}],"replies":[{"embeddable":true,"href":"https:\/\/www.fadim.com\/it\/wp-json\/wp\/v2\/comments?post=42"}],"version-history":[{"count":0,"href":"https:\/\/www.fadim.com\/it\/wp-json\/wp\/v2\/pages\/42\/revisions"}],"wp:attachment":[{"href":"https:\/\/www.fadim.com\/it\/wp-json\/wp\/v2\/media?parent=42"}],"curies":[{"name":"wp","href":"https:\/\/api.w.org\/{rel}","templated":true}]}}