{"id":138,"date":"2014-09-09T02:49:01","date_gmt":"2014-09-09T00:49:01","guid":{"rendered":"https:\/\/www.fadim.com\/it\/?page_id=138"},"modified":"2021-09-24T19:48:36","modified_gmt":"2021-09-24T17:48:36","slug":"domande-frequenti-faq","status":"publish","type":"page","link":"https:\/\/www.fadim.com\/it\/domande-frequenti-faq\/","title":{"rendered":"Domande frequenti (FAQ)"},"content":{"rendered":"\n<h5 class=\"wp-block-heading\">Genial-htm \u00e8 stato testato clinicamente?<\/h5>\n\n\n\n<p>S\u00ec, il prodotto \u00e8 stato testato in ambito ospedaliero con risultati estremamente positivi, come avr\u00e0 gi\u00e0 avuto modo di vedere dallo <a title=\"VALUTAZIONE DELL\u2019EFFICACIA E TOLLERABILITA\u0300 DI GENIAL-HTM, NUOVO DISPOSITIVO MEDICO, NEL TRATTAMENTO DELLE GENGIVITI: CONFRONTO IN DOPPIO CIECO VERSO PLACEBO\" href=\"https:\/\/www.fadim.com\/it\/2014\/06\/03\/lavoroclinicoziola\/\">studio clinico<\/a> che Le abbiamo spedito. L&#8217;efficacia di genial-htm \u00e8 inoltre supportata dai numerosi studi realizzati sull&#8217;Acido Ialuronico, sul Tea Tree Oil e sul MSM pubblicati su prestigiose riviste internazionali, come potr\u00e0 constatare dall\u2019abstract della rassegna <a title=\"Riferimenti bibliografici dei lavori pi\u00f9 significativi\" href=\"https:\/\/www.fadim.com\/it\/bbliografia\/\">bibliografica<\/a> e dall\u2019uso ormai consolidato da parte dei suoi colleghi europei.<\/p>\n\n\n\n<h4 class=\"wp-block-heading\">Dove&nbsp;si pu\u00f2 impiegare genial-htm?<\/h4>\n\n\n\n<p>Genial-htm per la sua capacit\u00e0 di accelerare i processi di cicatrizzazione e la risoluzione degli eventi traumatici o infiammatori, compresi quelli causati da microorganismi periodontopatici, \u00e8 indicato:<\/p>\n\n\n\n<ul class=\"wp-block-list\"><li style=\"text-align: justify;\">Dopo tutti gli interventi dentari.<\/li><li style=\"text-align: justify;\">In tutte le infiammazioni della mucosa orale: periodontiti, gengiviti, borse gengivali, <strong>afte<\/strong>, mucositi, retrazioni gengivali.<\/li><li style=\"text-align: justify;\">Prima e dopo l&#8217;uso di apparecchi protesici e ortodontici.<\/li><\/ul>\n\n\n\n<h4 class=\"wp-block-heading\">Genial htm \u00e8&nbsp;sicuro?<\/h4>\n\n\n\n<p>S\u00ec, genial-htm \u00e8 un prodotto sicuro, ben tollerato e privo di effetti collaterali. La presenza di dolcificanti come lo xilitolo e l&#8217;acesulfame ne permettono l&#8217;impiego anche in soggetti diabetici.<\/p>\n\n\n\n<h4 class=\"wp-block-heading\">Si possono somministrare farmaci in concomitanza con genial-htm?<\/h4>\n\n\n\n<p>Certamente, genial-htm pu\u00f2 vantaggiosamente essere associato a trattamenti con farmaci specifici come, ad esempio, antibiotici o antiinfiammatori.<\/p>\n\n\n\n<h4 class=\"wp-block-heading\">Quanto prodotto si deve somministrare per ogni applicazione?<\/h4>\n\n\n\n<p>Il quantitativo varia in funzione dell&#8217;area gengivale da trattare. In genere 3-4 cm di gel pari a circa 0,5 ml sono sufficienti per ogni emiarcata gengivale. Il prodotto pu\u00f2 essere applicato direttamente con un dito o con l&#8217;ausilio di un tampone.<\/p>\n\n\n\n<h4 class=\"wp-block-heading\">Per quanto tempo si deve continuare il trattamento?<\/h4>\n\n\n\n<p>Non ci sono limiti di tempo. Nelle forme acute in genere sono sufficienti 10\/15 gg. Nelle forme croniche l&#8217;uso di genial-htm pu\u00f2 essere prolungato nel tempo sotto controllo medico.<\/p>\n\n\n\n<h4 class=\"wp-block-heading\">Quali avvertenze deve seguire il paziente per l&#8217;uso di genial-htm a domicilio?<\/h4>\n\n\n\n<p>Genial-htm pu\u00f2 essere applicato da due a cinque volte al giorno. Applicare il prodotto dopo una corretta igiene orale ed evitare di assumere cibi o liquidi per 20\/30 minuti dopo l&#8217;applicazione.<\/p>\n\n\n\n<h4 class=\"wp-block-heading\">Dove trovare genial-htm?<\/h4>\n\n\n\n<p>Genial-htm \u00e8 in vendita in tubo da 15 g in farmacia. Essendo un prodotto nuovo, per ora solo poche farmacie, in Italia, hanno il prodotto immediatamente disponibile, ma, dal momento che tutti i principali grossisti sono stati riforniti, <strong>qualunque farmacia \u00e8 in grado di procurarselo nell&#8217;arco di mezza giornata.<\/strong> I blocchetti per appuntamento possono costituire un valido promemoria per il paziente e un ausilio per il farmacista nella ricerca del prodotto.<\/p>\n\n\n\n<div class=\"wp-block-image\"><figure class=\"aligncenter size-large is-resized\"><img decoding=\"async\" src=\"https:\/\/www.fadim.com\/it\/wp-content\/uploads\/2021\/09\/appuntamenti-1-889x1024.png\" alt=\"\" class=\"wp-image-446\" width=\"-340\" height=\"-391\" srcset=\"https:\/\/www.fadim.com\/it\/wp-content\/uploads\/2021\/09\/appuntamenti-1-889x1024.png 889w, https:\/\/www.fadim.com\/it\/wp-content\/uploads\/2021\/09\/appuntamenti-1-261x300.png 261w, https:\/\/www.fadim.com\/it\/wp-content\/uploads\/2021\/09\/appuntamenti-1-768x884.png 768w, https:\/\/www.fadim.com\/it\/wp-content\/uploads\/2021\/09\/appuntamenti-1-1334x1536.png 1334w, https:\/\/www.fadim.com\/it\/wp-content\/uploads\/2021\/09\/appuntamenti-1-1779x2048.png 1779w, https:\/\/www.fadim.com\/it\/wp-content\/uploads\/2021\/09\/appuntamenti-1.png 2000w\" sizes=\"(max-width: 889px) 100vw, 889px\" \/><\/figure><\/div>\n\n\n\n<p><\/p>\n","protected":false},"excerpt":{"rendered":"<p>Genial-htm \u00e8 stato testato clinicamente? S\u00ec, il prodotto \u00e8 stato testato in ambito ospedaliero con risultati estremamente positivi, come avr\u00e0 gi\u00e0 avuto modo di vedere dallo studio clinico che Le abbiamo spedito. L&#8217;efficacia di genial-htm \u00e8 inoltre supportata dai numerosi studi realizzati sull&#8217;Acido Ialuronico, sul Tea Tree Oil e sul MSM pubblicati su prestigiose riviste&#8230;<\/p>\n","protected":false},"author":1,"featured_media":0,"parent":0,"menu_order":0,"comment_status":"closed","ping_status":"closed","template":"","meta":{"inline_featured_image":false,"_kad_post_transparent":"","_kad_post_title":"","_kad_post_layout":"","_kad_post_sidebar_id":"","_kad_post_content_style":"","_kad_post_vertical_padding":"","_kad_post_feature":"","_kad_post_feature_position":"","_kad_post_header":false,"_kad_post_footer":false,"_kad_post_classname":"","footnotes":""},"class_list":["post-138","page","type-page","status-publish","hentry"],"_links":{"self":[{"href":"https:\/\/www.fadim.com\/it\/wp-json\/wp\/v2\/pages\/138","targetHints":{"allow":["GET"]}}],"collection":[{"href":"https:\/\/www.fadim.com\/it\/wp-json\/wp\/v2\/pages"}],"about":[{"href":"https:\/\/www.fadim.com\/it\/wp-json\/wp\/v2\/types\/page"}],"author":[{"embeddable":true,"href":"https:\/\/www.fadim.com\/it\/wp-json\/wp\/v2\/users\/1"}],"replies":[{"embeddable":true,"href":"https:\/\/www.fadim.com\/it\/wp-json\/wp\/v2\/comments?post=138"}],"version-history":[{"count":0,"href":"https:\/\/www.fadim.com\/it\/wp-json\/wp\/v2\/pages\/138\/revisions"}],"wp:attachment":[{"href":"https:\/\/www.fadim.com\/it\/wp-json\/wp\/v2\/media?parent=138"}],"curies":[{"name":"wp","href":"https:\/\/api.w.org\/{rel}","templated":true}]}}